{"id":29923,"date":"2025-08-21T18:05:34","date_gmt":"2025-08-21T18:05:34","guid":{"rendered":"https:\/\/ecam.com\/?page_id=29923"},"modified":"2026-04-30T12:26:36","modified_gmt":"2026-04-30T12:26:36","slug":"obtenez-un-devis","status":"publish","type":"page","link":"https:\/\/ecam.com\/fr-ca\/obtenez-un-devis","title":{"rendered":"Contactez-nous"},"content":{"rendered":"\n<div class=\"wp-block-group alignfull contact-page-wrap\"><div class=\"wp-block-group__inner-container is-layout-constrained wp-block-group-is-layout-constrained\">\n<div class=\"wp-block-columns alignfull contact-page-cols is-layout-flex wp-container-core-columns-is-layout-9d6595d7 wp-block-columns-is-layout-flex\">\n<div class=\"wp-block-column contact-page-content-col has-background is-layout-flow wp-block-column-is-layout-flow\" style=\"background-color:#eaeaea;flex-basis:45%\">\n<h1 class=\"wp-block-heading\">Une protection renforc\u00e9e et une s\u00e9curit\u00e9 rentable pour vos sites<\/h1>\n\n\n\n<p class=\"show-desktop-only\">Gr\u00e2ce \u00e0 des options flexibles de vid\u00e9osurveillance en direct et de surveillance 24\/7, ECAM vous offre une protection fiable et en temps r\u00e9el sur l\u2019ensemble de vos sites. D\u00e9couvrez pourquoi des milliers d\u2019entreprises nous font confiance pour s\u00e9curiser leurs op\u00e9rations avec des solutions faciles \u00e0 d\u00e9ployer et con\u00e7ues pour \u00e9voluer avec leurs besoins.<\/p>\n\n\n\n<ul class=\"wp-block-list check-list icon-orange\">\n<li><strong>Intervention rapide et efficace d\u00e8s qu\u2019un comportement suspect est d\u00e9tect\u00e9.<\/strong><\/li>\n\n\n\n<li><strong>D\u00e9ploiement cl\u00e9 en main offrant une mise \u00e0 niveau de s\u00e9curit\u00e9 imm\u00e9diate.<\/strong><\/li>\n\n\n\n<li><strong>Protection rentable qui s\u2019adapte pour un ou plusieurs sites.<\/strong><\/li>\n\n\n\n<li><strong>Techniciens disponibles partout au pays pour une installation professionnelle et un support continu.<\/strong><\/li>\n<\/ul>\n\n\n\n<p><\/p>\n\n\n\n<div class=\"wp-block-group alignfull show-desktop-only\"><div class=\"wp-block-group__inner-container is-layout-constrained wp-block-group-is-layout-constrained\">\n<figure class=\"wp-block-gallery alignfull has-nested-images columns-5 wp-block-gallery-1 is-layout-flex wp-block-gallery-is-layout-flex\">\n<figure class=\"wp-block-image size-medium\"><img decoding=\"async\" width=\"300\" height=\"195\" data-id=\"23905\" src=\"https:\/\/ecam.com\/wp-content\/uploads\/Exxel-Pacific-logo-300x195.png\" alt=\"Exxel Pacific logo\" class=\"wp-image-23905\" srcset=\"https:\/\/ecam.com\/wp-content\/uploads\/Exxel-Pacific-logo-300x195.png 300w, https:\/\/ecam.com\/wp-content\/uploads\/Exxel-Pacific-logo-768x500.png 768w, https:\/\/ecam.com\/wp-content\/uploads\/Exxel-Pacific-logo.png 948w\" sizes=\"(max-width: 300px) 100vw, 300px\" \/><\/figure>\n\n\n\n<figure class=\"wp-block-image size-medium\"><img decoding=\"async\" width=\"300\" height=\"121\" data-id=\"23883\" src=\"https:\/\/ecam.com\/wp-content\/uploads\/Foothill-Transit-logo-300x121.png\" alt=\"Foothill Transit logo\" class=\"wp-image-23883\" srcset=\"https:\/\/ecam.com\/wp-content\/uploads\/Foothill-Transit-logo-300x121.png 300w, https:\/\/ecam.com\/wp-content\/uploads\/Foothill-Transit-logo.png 500w\" sizes=\"(max-width: 300px) 100vw, 300px\" \/><\/figure>\n\n\n\n<figure class=\"wp-block-image size-medium\"><img decoding=\"async\" width=\"300\" height=\"83\" data-id=\"27738\" src=\"https:\/\/ecam.com\/wp-content\/uploads\/hanover-county-sheriff-full-color-300x83.png\" alt=\"hanover county sheriff full color\" class=\"wp-image-27738\" srcset=\"https:\/\/ecam.com\/wp-content\/uploads\/hanover-county-sheriff-full-color-300x83.png 300w, https:\/\/ecam.com\/wp-content\/uploads\/hanover-county-sheriff-full-color.png 351w\" sizes=\"(max-width: 300px) 100vw, 300px\" \/><\/figure>\n\n\n\n<figure class=\"wp-block-image size-full\"><img decoding=\"async\" width=\"270\" height=\"120\" data-id=\"23902\" src=\"https:\/\/ecam.com\/wp-content\/uploads\/All-Star-Dodge-Chrysler-Jeep-Ram-logo.png\" alt=\"All Star Dodge Chrysler Jeep Ram logo\" class=\"wp-image-23902\"\/><\/figure>\n\n\n\n<figure class=\"wp-block-image size-medium\"><img decoding=\"async\" width=\"210\" height=\"78\" data-id=\"23908\" src=\"https:\/\/ecam.com\/wp-content\/uploads\/MattamyLogo-1.svg\" alt=\"MattamyLogo ()\" class=\"wp-image-23908\"\/><\/figure>\n<\/figure>\n<\/div><\/div>\n<\/div>\n\n\n\n<div class=\"wp-block-column contact-page-form-col offset-form is-layout-flow wp-block-column-is-layout-flow\" style=\"flex-basis:55%\">\n<h2 class=\"wp-block-heading\">Obtenez un plan de s\u00e9curit\u00e9 personnalis\u00e9 avec des prix clairement indiqu\u00e9s<\/h2>\n\n\n\n<!--form embed code-->\n<script src=\"https:\/\/js.hsforms.net\/forms\/embed\/developer\/45496298.js\" defer><\/script>\n<div class=\"hs-form-html\" data-region=\"na1\" data-form-id=\"c9bdb327-0d83-442e-ac33-4a2468c8f76d\" data-portal-id=\"45496298\"><\/div>\n\n\n\n<div class=\"wp-block-columns is-layout-flex wp-container-core-columns-is-layout-9d6595d7 wp-block-columns-is-layout-flex\">\n<div class=\"wp-block-column is-layout-flow wp-block-column-is-layout-flow\">\n<div class=\"wp-block-group group-box-gray\"><div class=\"wp-block-group__inner-container is-layout-constrained wp-block-group-is-layout-constrained\">\n<h5 class=\"wp-block-heading has-text-align-left no-margin\"><strong>APPELEZ NOTRE \u00c9QUIPE<\/strong><\/h5>\n\n\n\n<div style=\"height:9px\" aria-hidden=\"true\" class=\"wp-block-spacer\"><\/div>\n\n\n\n<p class=\"has-text-align-left padding-none\">Pr\u00eat \u00e0 parler imm\u00e9diatement avec nos experts ?<\/p>\n\n\n\n<p class=\"has-text-align-left show-icon-phone padding-none\"><a href=\"tel:1-855-755-7233\" data-type=\"tel\" data-id=\"tel:1-855-783-2584\">1-855-755-7233<\/a><\/p>\n<\/div><\/div>\n<\/div>\n<\/div>\n<\/div>\n<\/div>\n<\/div><\/div>\n","protected":false},"excerpt":{"rendered":"","protected":false},"author":1,"featured_media":29280,"parent":0,"menu_order":0,"comment_status":"closed","ping_status":"closed","template":"page-templates\/contact.php","meta":{"_acf_changed":false,"_genesis_hide_title":false,"_genesis_hide_breadcrumbs":false,"_genesis_hide_singular_image":false,"_genesis_hide_footer_widgets":false,"_genesis_custom_body_class":"","_genesis_custom_post_class":"","_genesis_layout":"","footnotes":""},"class_list":{"0":"post-29923","1":"page","2":"type-page","3":"status-publish","4":"has-post-thumbnail","6":"entry"},"acf":[],"_links":{"self":[{"href":"https:\/\/ecam.com\/fr-ca\/wp-json\/wp\/v2\/pages\/29923","targetHints":{"allow":["GET"]}}],"collection":[{"href":"https:\/\/ecam.com\/fr-ca\/wp-json\/wp\/v2\/pages"}],"about":[{"href":"https:\/\/ecam.com\/fr-ca\/wp-json\/wp\/v2\/types\/page"}],"author":[{"embeddable":true,"href":"https:\/\/ecam.com\/fr-ca\/wp-json\/wp\/v2\/users\/1"}],"replies":[{"embeddable":true,"href":"https:\/\/ecam.com\/fr-ca\/wp-json\/wp\/v2\/comments?post=29923"}],"version-history":[{"count":0,"href":"https:\/\/ecam.com\/fr-ca\/wp-json\/wp\/v2\/pages\/29923\/revisions"}],"wp:featuredmedia":[{"embeddable":true,"href":"https:\/\/ecam.com\/fr-ca\/wp-json\/wp\/v2\/media\/29280"}],"wp:attachment":[{"href":"https:\/\/ecam.com\/fr-ca\/wp-json\/wp\/v2\/media?parent=29923"}],"curies":[{"name":"wp","href":"https:\/\/api.w.org\/{rel}","templated":true}]}}