{"id":26678,"date":"2025-07-09T17:16:51","date_gmt":"2025-07-09T17:16:51","guid":{"rendered":"https:\/\/ecam.com\/?page_id=26678"},"modified":"2025-07-09T18:05:32","modified_gmt":"2025-07-09T18:05:32","slug":"la-durabilite","status":"publish","type":"page","link":"https:\/\/ecam.com\/fr-ca\/a-propos\/la-durabilite","title":{"rendered":"La durabilit\u00e9"},"content":{"rendered":"\n<div class=\"wp-block-cover alignfull lp-hero-title\" style=\"min-height:520px;aspect-ratio:unset;\"><img decoding=\"async\" width=\"1920\" height=\"510\" fetchpriority=\"high\" loading=\"eager\" data-no-lazy=\"1\" class=\"wp-block-cover__image-background wp-image-27542 size-full\" alt=\"\" src=\"https:\/\/ecam.com\/wp-content\/uploads\/Sustainability_page-hero_banner-1920x510-1.jpg\" data-object-fit=\"cover\" srcset=\"https:\/\/ecam.com\/wp-content\/uploads\/Sustainability_page-hero_banner-1920x510-1.jpg 1920w, https:\/\/ecam.com\/wp-content\/uploads\/Sustainability_page-hero_banner-1920x510-1-300x80.jpg 300w, https:\/\/ecam.com\/wp-content\/uploads\/Sustainability_page-hero_banner-1920x510-1-1024x272.jpg 1024w, https:\/\/ecam.com\/wp-content\/uploads\/Sustainability_page-hero_banner-1920x510-1-768x204.jpg 768w, https:\/\/ecam.com\/wp-content\/uploads\/Sustainability_page-hero_banner-1920x510-1-1536x408.jpg 1536w\" sizes=\"(max-width: 1920px) 100vw, 1920px\" \/><span aria-hidden=\"true\" class=\"wp-block-cover__background has-background-dim-100 has-background-dim wp-block-cover__gradient-background has-background-gradient\" style=\"background:linear-gradient(180deg,rgb(20,24,29) 0%,rgba(0,0,0,0.74) 61%,rgba(0,0,0,0.24) 100%)\"><\/span><div class=\"wp-block-cover__inner-container is-layout-constrained wp-block-cover-is-layout-constrained\">\n<div class=\"wp-block-columns is-layout-flex wp-container-core-columns-is-layout-9d6595d7 wp-block-columns-is-layout-flex\">\n<div class=\"wp-block-column hero-text-col is-layout-flow wp-block-column-is-layout-flow\" style=\"flex-basis:50%\"><nav aria-label=\"breadcrumbs\" class=\"rank-math-breadcrumb\"><p><span class=\"last\">Home<\/span><\/p><\/nav>\n\n\n<div id=\"chead-block_6f022dffbcb3f5e583ff984377642df0\" class=\"crit-h1 \">\n    <h1>Notre approche en mati\u00e8re de d\u00e9veloppement durable <\/h1>\n<\/div>\n<style type=\"text\/css\">\n    #chead-block_6f022dffbcb3f5e583ff984377642df0 {\n        background: ;\n        color: ;\n    }\n<\/style>\n\n\n<p>ECAM joue un r\u00f4le essentiel dans la pr\u00e9vention de la criminalit\u00e9, la protection des biens et la surveillance responsable, et nous nous engageons \u00e0 formaliser notre approche en mati\u00e8re de d\u00e9veloppement durable au cours de l&rsquo;ann\u00e9e \u00e0 venir.<\/p>\n<\/div>\n<\/div>\n<\/div><\/div>\n\n\n\n<div class=\"wp-block-group\"><div class=\"wp-block-group__inner-container is-layout-constrained wp-block-group-is-layout-constrained\">\n<div class=\"wp-block-columns is-layout-flex wp-container-core-columns-is-layout-9d6595d7 wp-block-columns-is-layout-flex\">\n<div class=\"wp-block-column is-layout-flow wp-block-column-is-layout-flow\">\n<div style=\"height:0px\" aria-hidden=\"true\" class=\"wp-block-spacer\"><\/div>\n\n\n\n<h2 class=\"wp-block-heading\">Les th\u00e8mes centraux qui guident notre d\u00e9marche en mati\u00e8re de d\u00e9veloppement durable<\/h2>\n\n\n\n<p>Chez ECAM, nos priorit\u00e9s cl\u00e9s telles que le d\u00e9veloppement des employ\u00e9s, l&rsquo;\u00e9galit\u00e9 des chances, la conduite \u00e9thique des affaires, la confidentialit\u00e9 des donn\u00e9es, la protection de la communaut\u00e9 et la r\u00e9duction des \u00e9missions de gaz \u00e0 effet de serre guident nos efforts en mati\u00e8re d&rsquo;environnement, de responsabilit\u00e9 sociale et de gouvernance. &nbsp;<\/p>\n\n\n\n<p>Apprenez-en davantage sur ces th\u00e8mes prioritaires et sur nos progr\u00e8s en consultant le rapport complet.<\/p>\n\n\n\n<div class=\"wp-block-buttons is-layout-flex wp-block-buttons-is-layout-flex\">\n<div class=\"wp-block-button\"><a class=\"wp-block-button__link wp-element-button\" href=\"https:\/\/ecam.com\/wp-content\/uploads\/ECAM_ESG-Rapport-2025_FR.pdf\" target=\"_blank\" rel=\"noreferrer noopener\">T\u00e9l\u00e9charger le rapport<\/a><\/div>\n\n\n\n<div class=\"wp-block-button is-style-outline is-style-outline--1\"><a class=\"wp-block-button__link wp-element-button\" href=\"https:\/\/www.gardaworld.com\/fr\/durabilite\" rel=\"noopener\">En savoir plus<\/a><\/div>\n<\/div>\n<\/div>\n\n\n\n<div class=\"wp-block-column is-layout-flow wp-block-column-is-layout-flow\">\n<figure class=\"wp-block-image size-large\"><img decoding=\"async\" width=\"1024\" height=\"633\" src=\"https:\/\/ecam.com\/wp-content\/uploads\/ECAM-sustainability_content-img-B-1-1024x633.jpg\" alt=\"ECAM sustainability content img B ()\" class=\"wp-image-27554\" srcset=\"https:\/\/ecam.com\/wp-content\/uploads\/ECAM-sustainability_content-img-B-1-1024x633.jpg 1024w, https:\/\/ecam.com\/wp-content\/uploads\/ECAM-sustainability_content-img-B-1-300x185.jpg 300w, https:\/\/ecam.com\/wp-content\/uploads\/ECAM-sustainability_content-img-B-1-768x475.jpg 768w, https:\/\/ecam.com\/wp-content\/uploads\/ECAM-sustainability_content-img-B-1.jpg 1294w\" sizes=\"(max-width: 1024px) 100vw, 1024px\" \/><figcaption class=\"wp-element-caption\">ECAM sustainability content img B ()<\/figcaption><\/figure>\n<\/div>\n<\/div>\n<\/div><\/div>\n","protected":false},"excerpt":{"rendered":"","protected":false},"author":112,"featured_media":27340,"parent":24008,"menu_order":0,"comment_status":"closed","ping_status":"closed","template":"page-templates\/detail-page.php","meta":{"_acf_changed":true,"_genesis_hide_title":false,"_genesis_hide_breadcrumbs":false,"_genesis_hide_singular_image":false,"_genesis_hide_footer_widgets":false,"_genesis_custom_body_class":"","_genesis_custom_post_class":"","_genesis_layout":"","footnotes":""},"class_list":{"0":"post-26678","1":"page","2":"type-page","3":"status-publish","4":"has-post-thumbnail","6":"entry"},"acf":[],"_links":{"self":[{"href":"https:\/\/ecam.com\/fr-ca\/wp-json\/wp\/v2\/pages\/26678","targetHints":{"allow":["GET"]}}],"collection":[{"href":"https:\/\/ecam.com\/fr-ca\/wp-json\/wp\/v2\/pages"}],"about":[{"href":"https:\/\/ecam.com\/fr-ca\/wp-json\/wp\/v2\/types\/page"}],"author":[{"embeddable":true,"href":"https:\/\/ecam.com\/fr-ca\/wp-json\/wp\/v2\/users\/112"}],"replies":[{"embeddable":true,"href":"https:\/\/ecam.com\/fr-ca\/wp-json\/wp\/v2\/comments?post=26678"}],"version-history":[{"count":0,"href":"https:\/\/ecam.com\/fr-ca\/wp-json\/wp\/v2\/pages\/26678\/revisions"}],"up":[{"embeddable":true,"href":"https:\/\/ecam.com\/fr-ca\/wp-json\/wp\/v2\/pages\/24008"}],"wp:featuredmedia":[{"embeddable":true,"href":"https:\/\/ecam.com\/fr-ca\/wp-json\/wp\/v2\/media\/27340"}],"wp:attachment":[{"href":"https:\/\/ecam.com\/fr-ca\/wp-json\/wp\/v2\/media?parent=26678"}],"curies":[{"name":"wp","href":"https:\/\/api.w.org\/{rel}","templated":true}]}}