{"id":24866,"date":"2024-10-01T16:47:13","date_gmt":"2024-10-01T16:47:13","guid":{"rendered":"https:\/\/ecam.com\/accessibility"},"modified":"2025-04-29T20:19:52","modified_gmt":"2025-04-29T20:19:52","slug":"accessibilite","status":"publish","type":"page","link":"https:\/\/ecam.com\/fr-ca\/accessibilite","title":{"rendered":"Accessibilit\u00e9"},"content":{"rendered":"\n<div class=\"wp-block-cover alignfull lp-hero-title lp-hero-short\" style=\"min-height:400px;aspect-ratio:unset;\"><img decoding=\"async\" width=\"2048\" height=\"630\" fetchpriority=\"high\" loading=\"eager\" data-no-lazy=\"1\" class=\"wp-block-cover__image-background wp-image-12724\" alt=\"\" src=\"https:\/\/ecam.com\/wp-content\/uploads\/terms-hero.webp\" data-object-fit=\"cover\" srcset=\"https:\/\/ecam.com\/wp-content\/uploads\/terms-hero.webp 2048w, https:\/\/ecam.com\/wp-content\/uploads\/terms-hero-300x92.webp 300w, https:\/\/ecam.com\/wp-content\/uploads\/terms-hero-1024x315.webp 1024w, https:\/\/ecam.com\/wp-content\/uploads\/terms-hero-768x236.webp 768w, https:\/\/ecam.com\/wp-content\/uploads\/terms-hero-1536x472.webp 1536w\" sizes=\"(max-width: 2048px) 100vw, 2048px\" \/><span aria-hidden=\"true\" class=\"wp-block-cover__background has-background-dim-100 has-background-dim wp-block-cover__gradient-background has-background-gradient\" style=\"background:linear-gradient(180deg,rgb(20,24,29) 0%,rgba(0,0,0,0.74) 61%,rgba(0,0,0,0.24) 100%)\"><\/span><div class=\"wp-block-cover__inner-container is-layout-constrained wp-block-cover-is-layout-constrained\">\n<p class=\"has-text-align-center has-large-font-size\"><\/p>\n<\/div><\/div>\n\n\n\n<div class=\"wp-block-group is-vertical is-layout-flex wp-container-core-group-is-layout-8cf370e7 wp-block-group-is-layout-flex\">\n<h1 class=\"wp-block-heading\">Politique d&rsquo;accessibilit\u00e9<\/h1>\n\n\n\n<p>Cette politique d&rsquo;accessibilit\u00e9 (la \u00ab\u00a0Politique\u00a0\u00bb) d\u00e9crit les actions que ECAM Technologies Corporation (\u00ab\u00a0ECAM\u00a0\u00bb) a mises en place, directement ou par l&rsquo;interm\u00e9diaire de GardaWorld, et qu&rsquo;elle continuera \u00e0 mettre en \u0153uvre afin d&rsquo;am\u00e9liorer les possibilit\u00e9s offertes aux personnes handicap\u00e9es. Ces actions sont conformes \u00e0 la loi sur l&rsquo;accessibilit\u00e9 pour les personnes handicap\u00e9es de l&rsquo;Ontario (AODA).<\/p>\n\n\n\n<h2 class=\"wp-block-heading\">1. Engagement en faveur de l&rsquo;accessibilit\u00e9<\/h2>\n\n\n\n<p>ECAM s&rsquo;engage \u00e0 fournir des biens et des services dans le respect de la dignit\u00e9 et de l&rsquo;ind\u00e9pendance des personnes handicap\u00e9es. Nous visons \u00e0 donner aux personnes handicap\u00e9es les m\u00eames chances d&rsquo;acc\u00e9der \u00e0 nos services et d&rsquo;en b\u00e9n\u00e9ficier que les autres clients. ECAM communiquera avec les personnes handicap\u00e9es d&rsquo;une mani\u00e8re qui tienne compte de leurs besoins.<\/p>\n\n\n\n<p>Notre personnel communique avec les clients et d&rsquo;autres personnes par le biais de diverses m\u00e9thodes, y compris des interactions en personne, des lettres, des appels t\u00e9l\u00e9phoniques et des communications \u00e9lectroniques. Nous tiendrons compte des besoins en mati\u00e8re d&rsquo;accessibilit\u00e9 lorsque nous d\u00e9terminerons la m\u00e9thode et la forme de communication appropri\u00e9es.<\/p>\n\n\n\n<h2 class=\"wp-block-heading\">2. Animaux de service<\/h2>\n\n\n\n<p>ECAM accueille les personnes handicap\u00e9es qui utilisent des animaux d&rsquo;assistance. Les animaux d&rsquo;assistance sont autoris\u00e9s dans les parties de nos locaux qui sont ouvertes au public ou \u00e0 d&rsquo;autres tiers, conform\u00e9ment aux lois applicables.<\/p>\n\n\n\n<h2 class=\"wp-block-heading\">3. Personnes de soutien<\/h2>\n\n\n\n<p>Les clients et autres personnes handicap\u00e9es qui ont besoin de l&rsquo;aide d&rsquo;une personne de confiance seront autoris\u00e9s \u00e0 se faire accompagner par cette personne dans les locaux d\u2019ECAM. Des mesures, d\u00e9termin\u00e9es au cas par cas, seront prises pour r\u00e9pondre \u00e0 toute question de confidentialit\u00e9 ou de privil\u00e8ge soulev\u00e9e par la pr\u00e9sence d&rsquo;une personne de confiance.<\/p>\n\n\n\n<h2 class=\"wp-block-heading\">4. Dispositifs d&rsquo;assistance<\/h2>\n\n\n\n<p>Les clients et autres personnes handicap\u00e9es peuvent utiliser leurs propres dispositifs d&rsquo;assistance pour acc\u00e9der aux services fournis par ECAM. ECAM veillera \u00e0 ce que son personnel soit form\u00e9 et familiaris\u00e9 avec les divers dispositifs d&rsquo;assistance qui peuvent \u00eatre utilis\u00e9s par les personnes lorsqu&rsquo;elles acc\u00e8dent \u00e0 ses services et \u00e0 tout dispositif d&rsquo;assistance mis \u00e0 disposition par ECAM.<\/p>\n\n\n\n<h2 class=\"wp-block-heading\">5. Formation<\/h2>\n\n\n\n<p>ECAM assurera la formation du personnel qui traite avec les clients et d&rsquo;autres tiers, ainsi que des personnes charg\u00e9es de l&rsquo;\u00e9laboration de la politique de service aux clients, comme l&rsquo;exige la l\u00e9gislation applicable. La formation comprendra\u00a0:<\/p>\n\n\n\n<ul class=\"wp-block-list\">\n<li>Une vue d&rsquo;ensemble des lois applicables \u00e0 la fourniture de services aux personnes handicap\u00e9es.<\/li>\n\n\n\n<li>Une vue d&rsquo;ensemble de la politique et de toute autre pratique, politique ou proc\u00e9dure d\u00e9velopp\u00e9e par ECAM en ce qui concerne la fourniture de services aux personnes handicap\u00e9es.<\/li>\n\n\n\n<li>Informations sur la mani\u00e8re d&rsquo;interagir et de communiquer avec des personnes souffrant de divers types de handicaps, y compris celles qui utilisent des appareils d&rsquo;assistance, des personnes de soutien et\/ou des animaux d&rsquo;assistance.<\/li>\n\n\n\n<li>des instructions sur la mani\u00e8re d&rsquo;utiliser les dispositifs d&rsquo;assistance dont ECAM peut disposer pour aider les personnes handicap\u00e9es \u00e0 acc\u00e9der aux services d\u2019ECAM.<\/li>\n\n\n\n<li>Des instructions sur ce qu&rsquo;il faut faire si une personne handicap\u00e9e a des difficult\u00e9s \u00e0 acc\u00e9der aux services d\u2019ECAM.<\/li>\n<\/ul>\n\n\n\n<p>ECAM assurera la formation n\u00e9cessaire en cas de modification de la politique ou de toute autre politique, pratique ou proc\u00e9dure connexe.<\/p>\n\n\n\n<h2 class=\"wp-block-heading\">6. Processus de retour d&rsquo;information<\/h2>\n\n\n\n<p>ECAM veillera \u00e0 ce que ses processus de retour d&rsquo;information soient accessibles aux personnes handicap\u00e9es qui en font la demande. Les commentaires concernant la mani\u00e8re dont ECAM fournit des biens et des services aux personnes handicap\u00e9es, ainsi que l&rsquo;accessibilit\u00e9 du processus de retour d&rsquo;information lui-m\u00eame, y compris les plaintes, peuvent \u00eatre adress\u00e9s \u00e0 la personne nomm\u00e9e ci-dessous. Les personnes peuvent s&rsquo;attendre \u00e0 recevoir une r\u00e9ponse dans les 30 jours. Sur demande, ECAM mettra en place des formats accessibles et des supports de communication pour les personnes handicap\u00e9es en ce qui concerne ses processus de retour d&rsquo;information. Les commentaires peuvent \u00eatre adress\u00e9s \u00e0<\/p>\n\n\n\n<p>Par courrier \u00e9lectronique :<br>D\u00e9partement des ressources humaines<br><a href=\"mailto:centralhr.ss@garda.com\">centralhr.ss@garda.com<\/a><\/p>\n\n\n\n<p>Par courrier :<br>Bureau GardaWorld<br>150 Ferrand Drive, North York, ON M3C 3E5<\/p>\n\n\n\n<h2 class=\"wp-block-heading\">7. Formats accessibles<\/h2>\n\n\n\n<p>ECAM s&rsquo;engage \u00e0 r\u00e9pondre aux besoins de communication des personnes handicap\u00e9es. Nous continuerons \u00e0 veiller \u00e0 ce que toutes les informations publiques contr\u00f4l\u00e9es par ECAM soient fournies de mani\u00e8re accessible sur demande. ECAM consultera la personne qui en fait la demande afin de d\u00e9terminer ses besoins en mati\u00e8re d&rsquo;information et de communication. ECAM continuera \u00e0 informer le public de la disponibilit\u00e9 de formats accessibles et de supports de communication.<\/p>\n\n\n\n<h2 class=\"wp-block-heading\">8. Sites web<\/h2>\n\n\n\n<p>Lorsque la l\u00e9gislation en vigueur l&rsquo;exige, ECAM veillera \u00e0 ce que tous les sites web contr\u00f4l\u00e9s par ECAM et le contenu de ces sites publi\u00e9s apr\u00e8s le 1er janvier 2012 (autres que les sous-titres cod\u00e9s et les descriptions audio pr\u00e9enregistr\u00e9es) soient conformes aux WCAG 2.0, niveau AA, sauf s&rsquo;il n&rsquo;est pas possible de satisfaire \u00e0 cette exigence.<\/p>\n<\/div>\n","protected":false},"excerpt":{"rendered":"","protected":false},"author":100,"featured_media":24590,"parent":0,"menu_order":0,"comment_status":"closed","ping_status":"closed","template":"page-templates\/detail-page.php","meta":{"_acf_changed":false,"_genesis_hide_title":false,"_genesis_hide_breadcrumbs":false,"_genesis_hide_singular_image":false,"_genesis_hide_footer_widgets":false,"_genesis_custom_body_class":"","_genesis_custom_post_class":"","_genesis_layout":"","footnotes":""},"class_list":{"0":"post-24866","1":"page","2":"type-page","3":"status-publish","4":"has-post-thumbnail","6":"entry"},"acf":[],"_links":{"self":[{"href":"https:\/\/ecam.com\/fr-ca\/wp-json\/wp\/v2\/pages\/24866","targetHints":{"allow":["GET"]}}],"collection":[{"href":"https:\/\/ecam.com\/fr-ca\/wp-json\/wp\/v2\/pages"}],"about":[{"href":"https:\/\/ecam.com\/fr-ca\/wp-json\/wp\/v2\/types\/page"}],"author":[{"embeddable":true,"href":"https:\/\/ecam.com\/fr-ca\/wp-json\/wp\/v2\/users\/100"}],"replies":[{"embeddable":true,"href":"https:\/\/ecam.com\/fr-ca\/wp-json\/wp\/v2\/comments?post=24866"}],"version-history":[{"count":0,"href":"https:\/\/ecam.com\/fr-ca\/wp-json\/wp\/v2\/pages\/24866\/revisions"}],"wp:featuredmedia":[{"embeddable":true,"href":"https:\/\/ecam.com\/fr-ca\/wp-json\/wp\/v2\/media\/24590"}],"wp:attachment":[{"href":"https:\/\/ecam.com\/fr-ca\/wp-json\/wp\/v2\/media?parent=24866"}],"curies":[{"name":"wp","href":"https:\/\/api.w.org\/{rel}","templated":true}]}}