{"id":24008,"date":"2024-09-16T21:12:48","date_gmt":"2024-09-16T21:12:48","guid":{"rendered":"https:\/\/ecam.com\/about"},"modified":"2026-04-02T19:30:57","modified_gmt":"2026-04-02T19:30:57","slug":"a-propos","status":"publish","type":"page","link":"https:\/\/ecam.com\/fr-ca\/a-propos","title":{"rendered":"\u00c0 propos de"},"content":{"rendered":"\n<div class=\"wp-block-cover alignfull lp-hero-title\" style=\"min-height:520px;aspect-ratio:unset;\"><img decoding=\"async\" width=\"1920\" height=\"509\" fetchpriority=\"high\" loading=\"eager\" data-no-lazy=\"1\" class=\"wp-block-cover__image-background wp-image-23876\" alt=\"ecam about us hero\" src=\"https:\/\/ecam.com\/wp-content\/uploads\/ecam_about-us_hero.jpg\" data-object-fit=\"cover\" srcset=\"https:\/\/ecam.com\/wp-content\/uploads\/ecam_about-us_hero.jpg 1920w, https:\/\/ecam.com\/wp-content\/uploads\/ecam_about-us_hero-300x80.jpg 300w, https:\/\/ecam.com\/wp-content\/uploads\/ecam_about-us_hero-1024x271.jpg 1024w, https:\/\/ecam.com\/wp-content\/uploads\/ecam_about-us_hero-768x204.jpg 768w, https:\/\/ecam.com\/wp-content\/uploads\/ecam_about-us_hero-1536x407.jpg 1536w\" sizes=\"(max-width: 1920px) 100vw, 1920px\" \/><span aria-hidden=\"true\" class=\"wp-block-cover__background has-background-dim-100 has-background-dim wp-block-cover__gradient-background has-background-gradient\" style=\"background:linear-gradient(180deg,rgb(20,24,29) 0%,rgba(0,0,0,0.74) 61%,rgba(0,0,0,0.24) 100%)\"><\/span><div class=\"wp-block-cover__inner-container is-layout-constrained wp-block-cover-is-layout-constrained\">\n<div class=\"wp-block-columns is-layout-flex wp-container-core-columns-is-layout-9d6595d7 wp-block-columns-is-layout-flex\">\n<div class=\"wp-block-column hero-text-col is-layout-flow wp-block-column-is-layout-flow\" style=\"flex-basis:50%\"><nav aria-label=\"breadcrumbs\" class=\"rank-math-breadcrumb\"><p><span class=\"last\">Home<\/span><\/p><\/nav>\n\n\n<div id=\"chead-block_b21c41cc5b2c3133cfaa77bdd620931b\" class=\"crit-h1 \">\n    <h1>\u00c0 propos de ECAM<\/h1>\n<\/div>\n<style type=\"text\/css\">\n    #chead-block_b21c41cc5b2c3133cfaa77bdd620931b {\n        background: ;\n        color: ;\n    }\n<\/style><\/div>\n<\/div>\n<\/div><\/div>\n\n\n\n<div class=\"wp-block-columns align-flex-start is-layout-flex wp-container-core-columns-is-layout-9d6595d7 wp-block-columns-is-layout-flex\">\n<div class=\"wp-block-column is-layout-flow wp-block-column-is-layout-flow\" style=\"flex-basis:95%\">\n<h2 class=\"wp-block-heading\">Pourquoi les chefs de file font-ils confiance \u00e0 la surveillance vid\u00e9o en direct d\u2019ECAM?<\/h2>\n\n\n\n<p>ECAM est un leader nord-am\u00e9ricain des solutions technologiques de surveillance en direct assist\u00e9es par l\u2019intelligence artificielle, avec le plus grand nombre d\u2019unit\u00e9s de surveillance mobiles et fixes sur le continent. ECAM combine la technologie de surveillance vid\u00e9o en direct assist\u00e9e par l\u2019IA la plus avanc\u00e9e au monde avec l\u2019expertise humaine, pour offrir une protection en temps r\u00e9el avec une pr\u00e9cision et une vigilance in\u00e9gal\u00e9es. De la R&amp;D au d\u00e9veloppement de produits et \u00e0 l\u2019innovation de sa plateforme, ECAM est propri\u00e9taire de l\u2019ensemble de son exploitation et de sa technologie. L\u2019entreprise met au point des technologies exclusives sp\u00e9cialement con\u00e7ues pour relever les d\u00e9fis les plus courants en mati\u00e8re de surveillance. Cette approche interne permet aux clients de b\u00e9n\u00e9ficier d\u2019innovations rapides et de solutions de pointe adapt\u00e9es \u00e0 leurs d\u00e9fis quotidiens. ECAM est l\u2019une des filiales mondiales cheffe de file de <a href=\"https:\/\/www.gardaworld.com\/fr\" target=\"_blank\" rel=\"noreferrer noopener\">GardaWorld<\/a>, une soci\u00e9t\u00e9 anim\u00e9e par un fort esprit entrepreneurial qui forme des champions mondiaux en mati\u00e8re de services de s\u00e9curit\u00e9, de technologie de s\u00e9curit\u00e9 assist\u00e9e par l\u2019IA, de gestion int\u00e9gr\u00e9e du risque et de solutions d\u2019automatisation du num\u00e9raire.<\/p>\n<\/div>\n<\/div>\n\n\n\n<div id=\"direction\" class=\"wp-block-group\"><div class=\"wp-block-group__inner-container is-layout-constrained wp-block-group-is-layout-constrained\">\n<div class=\"wp-block-columns leadership-person-lg is-layout-flex wp-container-core-columns-is-layout-9d6595d7 wp-block-columns-is-layout-flex\">\n<div class=\"wp-block-column is-layout-flow wp-block-column-is-layout-flow\" style=\"flex-basis:52%\">\n<h2 class=\"wp-block-heading\">Notre \u00e9quipe de direction<\/h2>\n\n\n\n<p>ECAM est guid\u00e9e par des dirigeants exp\u00e9riment\u00e9s qui priorisent l&rsquo;innovation, qui se comportent comme des propri\u00e9taires et qui adh\u00e8rent \u00e0 un \u00e9tat d&rsquo;esprit entrepreneurial et centr\u00e9 sur le client. Ils dirigent une \u00e9quipe ambitieuse et visionnaire qui fa\u00e7onne l&rsquo;avenir de la vid\u00e9osurveillance intelligente.<\/p>\n<\/div>\n\n\n\n<div class=\"wp-block-column leadership-person is-layout-flow wp-block-column-is-layout-flow\" style=\"flex-basis:20%\">\n<h3 class=\"wp-block-heading\">Christopher Brooks<\/h3>\n\n\n\n<p><strong>Chef de l\u2019exploitation<\/strong><\/p>\n\n\n\n<ul class=\"wp-block-social-links has-large-icon-size has-icon-color is-style-logos-only is-layout-flex wp-block-social-links-is-layout-flex\"><li style=\"color:#000000;\" class=\"wp-social-link wp-social-link-linkedin has-black-color wp-block-social-link\"><a rel=\"noopener nofollow\" target=\"_blank\" href=\"https:\/\/www.linkedin.com\/in\/brookschristopher\/\" class=\"wp-block-social-link-anchor\"><svg width=\"24\" height=\"24\" viewBox=\"0 0 24 24\" version=\"1.1\" xmlns=\"http:\/\/www.w3.org\/2000\/svg\" aria-hidden=\"true\" focusable=\"false\"><path d=\"M19.7,3H4.3C3.582,3,3,3.582,3,4.3v15.4C3,20.418,3.582,21,4.3,21h15.4c0.718,0,1.3-0.582,1.3-1.3V4.3 C21,3.582,20.418,3,19.7,3z M8.339,18.338H5.667v-8.59h2.672V18.338z M7.004,8.574c-0.857,0-1.549-0.694-1.549-1.548 c0-0.855,0.691-1.548,1.549-1.548c0.854,0,1.547,0.694,1.547,1.548C8.551,7.881,7.858,8.574,7.004,8.574z M18.339,18.338h-2.669 v-4.177c0-0.996-0.017-2.278-1.387-2.278c-1.389,0-1.601,1.086-1.601,2.206v4.249h-2.667v-8.59h2.559v1.174h0.037 c0.356-0.675,1.227-1.387,2.526-1.387c2.703,0,3.203,1.779,3.203,4.092V18.338z\"><\/path><\/svg><span class=\"wp-block-social-link-label screen-reader-text\">LinkedIn<\/span><\/a><\/li><\/ul>\n<\/div>\n\n\n\n<div class=\"wp-block-column is-layout-flow wp-block-column-is-layout-flow\" style=\"flex-basis:30%\">\n<figure class=\"wp-block-image size-full\"><img decoding=\"async\" width=\"500\" height=\"300\" src=\"https:\/\/ecam.com\/wp-content\/uploads\/ECAM_Chriss-B_500x300.jpg\" alt=\"\" class=\"wp-image-30351\" srcset=\"https:\/\/ecam.com\/wp-content\/uploads\/ECAM_Chriss-B_500x300.jpg 500w, https:\/\/ecam.com\/wp-content\/uploads\/ECAM_Chriss-B_500x300-300x180.jpg 300w\" sizes=\"(max-width: 500px) 100vw, 500px\" \/><\/figure>\n<\/div>\n<\/div>\n\n\n\n<div class=\"wp-block-columns is-layout-flex wp-container-core-columns-is-layout-9d6595d7 wp-block-columns-is-layout-flex\">\n<div class=\"wp-block-column leadership-person is-layout-flow wp-block-column-is-layout-flow\">\n<figure class=\"wp-block-image size-full\"><img decoding=\"async\" width=\"500\" height=\"300\" src=\"https:\/\/ecam.com\/wp-content\/uploads\/ECAM_Lem-B_500x300.jpg\" alt=\"\" class=\"wp-image-30348\" srcset=\"https:\/\/ecam.com\/wp-content\/uploads\/ECAM_Lem-B_500x300.jpg 500w, https:\/\/ecam.com\/wp-content\/uploads\/ECAM_Lem-B_500x300-300x180.jpg 300w\" sizes=\"(max-width: 500px) 100vw, 500px\" \/><\/figure>\n\n\n\n<div style=\"height:1.5em\" aria-hidden=\"true\" class=\"wp-block-spacer\"><\/div>\n\n\n\n<h3 class=\"wp-block-heading\">Lem Blanco<\/h3>\n\n\n\n<p><strong>Directeur de l\u2019exploitation et chef des produits<\/strong><\/p>\n\n\n\n<ul class=\"wp-block-social-links has-large-icon-size has-icon-color is-style-logos-only is-layout-flex wp-block-social-links-is-layout-flex\"><li style=\"color:#000000;\" class=\"wp-social-link wp-social-link-linkedin has-black-color wp-block-social-link\"><a rel=\"noopener nofollow\" target=\"_blank\" href=\"https:\/\/www.linkedin.com\/in\/lemuel-blanco-89b91b4a\/\" class=\"wp-block-social-link-anchor\"><svg width=\"24\" height=\"24\" viewBox=\"0 0 24 24\" version=\"1.1\" xmlns=\"http:\/\/www.w3.org\/2000\/svg\" aria-hidden=\"true\" focusable=\"false\"><path d=\"M19.7,3H4.3C3.582,3,3,3.582,3,4.3v15.4C3,20.418,3.582,21,4.3,21h15.4c0.718,0,1.3-0.582,1.3-1.3V4.3 C21,3.582,20.418,3,19.7,3z M8.339,18.338H5.667v-8.59h2.672V18.338z M7.004,8.574c-0.857,0-1.549-0.694-1.549-1.548 c0-0.855,0.691-1.548,1.549-1.548c0.854,0,1.547,0.694,1.547,1.548C8.551,7.881,7.858,8.574,7.004,8.574z M18.339,18.338h-2.669 v-4.177c0-0.996-0.017-2.278-1.387-2.278c-1.389,0-1.601,1.086-1.601,2.206v4.249h-2.667v-8.59h2.559v1.174h0.037 c0.356-0.675,1.227-1.387,2.526-1.387c2.703,0,3.203,1.779,3.203,4.092V18.338z\"><\/path><\/svg><span class=\"wp-block-social-link-label screen-reader-text\">LinkedIn<\/span><\/a><\/li><\/ul>\n<\/div>\n\n\n\n<div class=\"wp-block-column leadership-person is-layout-flow wp-block-column-is-layout-flow\">\n<figure class=\"wp-block-image size-full\"><img decoding=\"async\" width=\"500\" height=\"300\" src=\"https:\/\/ecam.com\/wp-content\/uploads\/ECAM_Alex-V_500x300.jpg\" alt=\"\" class=\"wp-image-30354\" srcset=\"https:\/\/ecam.com\/wp-content\/uploads\/ECAM_Alex-V_500x300.jpg 500w, https:\/\/ecam.com\/wp-content\/uploads\/ECAM_Alex-V_500x300-300x180.jpg 300w\" sizes=\"(max-width: 500px) 100vw, 500px\" \/><\/figure>\n\n\n\n<div style=\"height:1.5em\" aria-hidden=\"true\" class=\"wp-block-spacer\"><\/div>\n\n\n\n<h3 class=\"wp-block-heading\">Alex Vourkoutiotis<\/h3>\n\n\n\n<p><strong>Chef de la technologie<\/strong><\/p>\n<\/div>\n\n\n\n<div class=\"wp-block-column leadership-person is-layout-flow wp-block-column-is-layout-flow\">\n<figure class=\"wp-block-image size-full\"><img decoding=\"async\" width=\"500\" height=\"300\" src=\"https:\/\/ecam.com\/wp-content\/uploads\/ECAM_Ally-H_500x300.jpg\" alt=\"\" class=\"wp-image-30342\" srcset=\"https:\/\/ecam.com\/wp-content\/uploads\/ECAM_Ally-H_500x300.jpg 500w, https:\/\/ecam.com\/wp-content\/uploads\/ECAM_Ally-H_500x300-300x180.jpg 300w\" sizes=\"(max-width: 500px) 100vw, 500px\" \/><\/figure>\n\n\n\n<div style=\"height:1.5em\" aria-hidden=\"true\" class=\"wp-block-spacer\"><\/div>\n\n\n\n<h3 class=\"wp-block-heading\">Ally Happel<\/h3>\n\n\n\n<p><strong>Vice-pr\u00e9sidente principale, Ventes et Marketing<\/strong><\/p>\n\n\n\n<ul class=\"wp-block-social-links has-large-icon-size has-icon-color is-style-logos-only is-layout-flex wp-block-social-links-is-layout-flex\"><li style=\"color:#000000;\" class=\"wp-social-link wp-social-link-linkedin has-black-color wp-block-social-link\"><a rel=\"noopener nofollow\" target=\"_blank\" href=\"https:\/\/www.linkedin.com\/in\/ally-happel-5559b151\/\" class=\"wp-block-social-link-anchor\"><svg width=\"24\" height=\"24\" viewBox=\"0 0 24 24\" version=\"1.1\" xmlns=\"http:\/\/www.w3.org\/2000\/svg\" aria-hidden=\"true\" focusable=\"false\"><path d=\"M19.7,3H4.3C3.582,3,3,3.582,3,4.3v15.4C3,20.418,3.582,21,4.3,21h15.4c0.718,0,1.3-0.582,1.3-1.3V4.3 C21,3.582,20.418,3,19.7,3z M8.339,18.338H5.667v-8.59h2.672V18.338z M7.004,8.574c-0.857,0-1.549-0.694-1.549-1.548 c0-0.855,0.691-1.548,1.549-1.548c0.854,0,1.547,0.694,1.547,1.548C8.551,7.881,7.858,8.574,7.004,8.574z M18.339,18.338h-2.669 v-4.177c0-0.996-0.017-2.278-1.387-2.278c-1.389,0-1.601,1.086-1.601,2.206v4.249h-2.667v-8.59h2.559v1.174h0.037 c0.356-0.675,1.227-1.387,2.526-1.387c2.703,0,3.203,1.779,3.203,4.092V18.338z\"><\/path><\/svg><span class=\"wp-block-social-link-label screen-reader-text\">LinkedIn<\/span><\/a><\/li><\/ul>\n<\/div>\n\n\n\n<div class=\"wp-block-column leadership-person is-layout-flow wp-block-column-is-layout-flow\">\n<figure class=\"wp-block-image size-full\"><img decoding=\"async\" width=\"500\" height=\"300\" src=\"https:\/\/ecam.com\/wp-content\/uploads\/ECAM_Scott-Y_500x300.jpg\" alt=\"\" class=\"wp-image-30345\" srcset=\"https:\/\/ecam.com\/wp-content\/uploads\/ECAM_Scott-Y_500x300.jpg 500w, https:\/\/ecam.com\/wp-content\/uploads\/ECAM_Scott-Y_500x300-300x180.jpg 300w\" sizes=\"(max-width: 500px) 100vw, 500px\" \/><\/figure>\n\n\n\n<div style=\"height:1.5em\" aria-hidden=\"true\" class=\"wp-block-spacer\"><\/div>\n\n\n\n<h3 class=\"wp-block-heading\">Scott Young<\/h3>\n\n\n\n<p><strong>Vice-pr\u00e9sident national (Canada)<\/strong><\/p>\n\n\n\n<ul class=\"wp-block-social-links has-large-icon-size has-icon-color is-style-logos-only is-layout-flex wp-block-social-links-is-layout-flex\"><li style=\"color:#000000;\" class=\"wp-social-link wp-social-link-linkedin has-black-color wp-block-social-link\"><a rel=\"noopener nofollow\" target=\"_blank\" href=\"https:\/\/www.linkedin.com\/in\/scottyounggarda\/\" class=\"wp-block-social-link-anchor\"><svg width=\"24\" height=\"24\" viewBox=\"0 0 24 24\" version=\"1.1\" xmlns=\"http:\/\/www.w3.org\/2000\/svg\" aria-hidden=\"true\" focusable=\"false\"><path d=\"M19.7,3H4.3C3.582,3,3,3.582,3,4.3v15.4C3,20.418,3.582,21,4.3,21h15.4c0.718,0,1.3-0.582,1.3-1.3V4.3 C21,3.582,20.418,3,19.7,3z M8.339,18.338H5.667v-8.59h2.672V18.338z M7.004,8.574c-0.857,0-1.549-0.694-1.549-1.548 c0-0.855,0.691-1.548,1.549-1.548c0.854,0,1.547,0.694,1.547,1.548C8.551,7.881,7.858,8.574,7.004,8.574z M18.339,18.338h-2.669 v-4.177c0-0.996-0.017-2.278-1.387-2.278c-1.389,0-1.601,1.086-1.601,2.206v4.249h-2.667v-8.59h2.559v1.174h0.037 c0.356-0.675,1.227-1.387,2.526-1.387c2.703,0,3.203,1.779,3.203,4.092V18.338z\"><\/path><\/svg><span class=\"wp-block-social-link-label screen-reader-text\">LinkedIn<\/span><\/a><\/li><\/ul>\n<\/div>\n<\/div>\n<\/div><\/div>\n\n\n\n<div class=\"wp-block-group has-background\" style=\"background-color:#eaeaea\"><div class=\"wp-block-group__inner-container is-layout-constrained wp-block-group-is-layout-constrained\">\n<h2 class=\"wp-block-heading has-text-align-center heading-lg\">Nos zones de service<\/h2>\n\n\n\n<p class=\"has-text-align-center\">ECAM fournit des solutions proactives de vid\u00e9osurveillance en direct pour les entreprises et les propri\u00e9t\u00e9s dans toutes les villes d&rsquo;Am\u00e9rique du Nord. Notre \u00e9quipe surveille activement plus de 100 000 cam\u00e9ras et ce n&rsquo;est pas fini. <\/p>\n\n\n\n<div class=\"wp-block-buttons is-content-justification-center is-layout-flex wp-container-core-buttons-is-layout-16018d1d wp-block-buttons-is-layout-flex\">\n<div class=\"wp-block-button btn-yellow\"><a class=\"wp-block-button__link has-text-align-left wp-element-button\" href=\"\/fr-ca\/zones-de-service\">Voir nos zones de service<\/a><\/div>\n<\/div>\n<\/div><\/div>\n\n\n\n<div class=\"wp-block-columns align-flex-start is-layout-flex wp-container-core-columns-is-layout-9d6595d7 wp-block-columns-is-layout-flex\">\n<div class=\"wp-block-column is-layout-flow wp-block-column-is-layout-flow\" style=\"flex-basis:4%\"><\/div>\n\n\n\n<div class=\"wp-block-column gray-list-col has-white-background-color has-background is-layout-flow wp-block-column-is-layout-flow\" style=\"flex-basis:33%\">\n<h2 class=\"wp-block-heading has-text-align-left\">Num\u00e9ros de licence<\/h2>\n<\/div>\n\n\n\n<div class=\"wp-block-column gray-list-col has-white-background-color has-background is-layout-flow wp-block-column-is-layout-flow\" style=\"flex-basis:40%\">\n<ul class=\"wp-block-list\">\n<li><em><em>Num\u00e9ro de licence de s\u00e9curit\u00e9 du DPS du Texas : B14187<\/em><\/em><\/li>\n\n\n\n<li><em><em>Num\u00e9ro de licence d\u2019op\u00e9rateur d\u2019alarme en Californie : 7876<\/em><\/em><\/li>\n\n\n\n<li><em><em>Florida Alarm System Contractor I License Number : EF20001598<\/em><\/em><\/li>\n\n\n\n<li><em><em>Tennessee Alarm Contracting Company Num\u00e9ro de licence : 2294<\/em><\/em><\/li>\n<\/ul>\n<\/div>\n\n\n\n<div class=\"wp-block-column gray-list-col has-white-background-color has-background is-layout-flow wp-block-column-is-layout-flow\" style=\"flex-basis:40%\">\n<ul class=\"wp-block-list\">\n<li><em><em>Services de s\u00e9curit\u00e9 priv\u00e9e de Virginie Num\u00e9ro de licence d\u2019exploitation : 11-19499<\/em><\/em><\/li>\n\n\n\n<li><em><em>Canada TSBC Licence : LEL0200704<\/em><\/em><\/li>\n\n\n\n<li><em><em>Licence d\u2019alarme de l\u2019Oklahoma # AC440700<\/em><\/em><\/li>\n\n\n\n<li><em><em>Licence du Mississippi # 10440284<\/em><\/em><\/li>\n<\/ul>\n<\/div>\n\n\n\n<div class=\"wp-block-column is-layout-flow wp-block-column-is-layout-flow\" style=\"flex-basis:4%\"><\/div>\n<\/div>\n","protected":false},"excerpt":{"rendered":"","protected":false},"author":100,"featured_media":23878,"parent":0,"menu_order":0,"comment_status":"closed","ping_status":"closed","template":"page-templates\/detail-page.php","meta":{"_acf_changed":false,"_genesis_hide_title":false,"_genesis_hide_breadcrumbs":false,"_genesis_hide_singular_image":false,"_genesis_hide_footer_widgets":false,"_genesis_custom_body_class":"","_genesis_custom_post_class":"","_genesis_layout":"","footnotes":""},"class_list":{"0":"post-24008","1":"page","2":"type-page","3":"status-publish","4":"has-post-thumbnail","6":"entry"},"acf":[],"_links":{"self":[{"href":"https:\/\/ecam.com\/fr-ca\/wp-json\/wp\/v2\/pages\/24008","targetHints":{"allow":["GET"]}}],"collection":[{"href":"https:\/\/ecam.com\/fr-ca\/wp-json\/wp\/v2\/pages"}],"about":[{"href":"https:\/\/ecam.com\/fr-ca\/wp-json\/wp\/v2\/types\/page"}],"author":[{"embeddable":true,"href":"https:\/\/ecam.com\/fr-ca\/wp-json\/wp\/v2\/users\/100"}],"replies":[{"embeddable":true,"href":"https:\/\/ecam.com\/fr-ca\/wp-json\/wp\/v2\/comments?post=24008"}],"version-history":[{"count":0,"href":"https:\/\/ecam.com\/fr-ca\/wp-json\/wp\/v2\/pages\/24008\/revisions"}],"wp:featuredmedia":[{"embeddable":true,"href":"https:\/\/ecam.com\/fr-ca\/wp-json\/wp\/v2\/media\/23878"}],"wp:attachment":[{"href":"https:\/\/ecam.com\/fr-ca\/wp-json\/wp\/v2\/media?parent=24008"}],"curies":[{"name":"wp","href":"https:\/\/api.w.org\/{rel}","templated":true}]}}